{"id":95,"date":"2026-04-08T01:40:20","date_gmt":"2026-04-08T01:40:20","guid":{"rendered":"https:\/\/staging1.cbbcmarketing.com\/?page_id=95"},"modified":"2026-04-15T00:44:50","modified_gmt":"2026-04-15T00:44:50","slug":"home","status":"publish","type":"page","link":"https:\/\/staging1.cbbcmarketing.com\/","title":{"rendered":"Home"},"content":{"rendered":"\t\t<div data-elementor-type=\"wp-page\" data-elementor-id=\"95\" class=\"elementor elementor-95\" data-elementor-post-type=\"page\">\n\t\t\t\t<div class=\"elementor-element elementor-element-3237e63 e-flex e-con-boxed e-con e-parent\" data-id=\"3237e63\" data-element_type=\"container\" data-e-type=\"container\" data-settings=\"{&quot;background_background&quot;:&quot;slideshow&quot;,&quot;background_slideshow_gallery&quot;:[{&quot;id&quot;:120,&quot;url&quot;:&quot;https:\\\/\\\/staging1.cbbcmarketing.com\\\/wp-content\\\/uploads\\\/2026\\\/04\\\/DOC-2-scaled.jpg&quot;},{&quot;id&quot;:119,&quot;url&quot;:&quot;https:\\\/\\\/staging1.cbbcmarketing.com\\\/wp-content\\\/uploads\\\/2026\\\/04\\\/DOC-1-scaled.jpg&quot;},{&quot;id&quot;:118,&quot;url&quot;:&quot;https:\\\/\\\/staging1.cbbcmarketing.com\\\/wp-content\\\/uploads\\\/2026\\\/04\\\/DOC-scaled.jpg&quot;}],&quot;background_slideshow_slide_transition&quot;:&quot;slide_up&quot;,&quot;background_slideshow_ken_burns&quot;:&quot;yes&quot;,&quot;background_slideshow_loop&quot;:&quot;yes&quot;,&quot;background_slideshow_slide_duration&quot;:5000,&quot;background_slideshow_transition_duration&quot;:500,&quot;background_slideshow_ken_burns_zoom_direction&quot;:&quot;in&quot;}\">\n\t\t\t\t\t<div class=\"e-con-inner\">\n\t\t<div class=\"elementor-element elementor-element-08fb0b9 e-con-full e-flex e-con e-child\" data-id=\"08fb0b9\" data-element_type=\"container\" data-e-type=\"container\">\n\t\t\t\t<div class=\"elementor-element elementor-element-a02f84e elementor-widget elementor-widget-heading\" data-id=\"a02f84e\" data-element_type=\"widget\" data-e-type=\"widget\" data-widget_type=\"heading.default\">\n\t\t\t\t\t<h1 class=\"elementor-heading-title elementor-size-default\">Transformando vidas a trav\u00e9s de la excelencia en la atenci\u00f3n m\u00e9dica<\/h1>\t\t\t\t<\/div>\n\t\t\t\t<div class=\"elementor-element elementor-element-caec2b0 elementor-widget elementor-widget-text-editor\" data-id=\"caec2b0\" data-element_type=\"widget\" data-e-type=\"widget\" data-widget_type=\"text-editor.default\">\n\t\t\t\t\t\t\t\t\t<p>Estamos comprometidos a brindar una atenci\u00f3n excepcional a los pacientes y a promover el bienestar en nuestra comunidad.<\/p>\t\t\t\t\t\t\t\t<\/div>\n\t\t<div class=\"elementor-element elementor-element-9d5c49a e-con-full e-flex e-con e-child\" data-id=\"9d5c49a\" data-element_type=\"container\" data-e-type=\"container\">\n\t\t\t\t<div class=\"elementor-element elementor-element-8e5ee46 elementor-align-center elementor-widget__width-initial elementor-mobile-align-left elementor-widget elementor-widget-button\" data-id=\"8e5ee46\" data-element_type=\"widget\" data-e-type=\"widget\" data-widget_type=\"button.default\">\n\t\t\t\t\t\t\t\t\t\t<a class=\"elementor-button elementor-button-link elementor-size-sm\" href=\"#\">\n\t\t\t\t\t\t<span class=\"elementor-button-content-wrapper\">\n\t\t\t\t\t\t\t\t\t<span class=\"elementor-button-text\">Cont\u00e1ctenos<\/span>\n\t\t\t\t\t<\/span>\n\t\t\t\t\t<\/a>\n\t\t\t\t\t\t\t\t<\/div>\n\t\t\t\t<div class=\"elementor-element elementor-element-31d1625 elementor-widget__width-initial elementor-tablet-align-right elementor-mobile-align-center elementor-widget elementor-widget-button\" data-id=\"31d1625\" data-element_type=\"widget\" data-e-type=\"widget\" data-widget_type=\"button.default\">\n\t\t\t\t\t\t\t\t\t\t<a class=\"elementor-button elementor-button-link elementor-size-sm\" href=\"#\">\n\t\t\t\t\t\t<span class=\"elementor-button-content-wrapper\">\n\t\t\t\t\t\t\t\t\t<span class=\"elementor-button-text\">Ver servicios<\/span>\n\t\t\t\t\t<\/span>\n\t\t\t\t\t<\/a>\n\t\t\t\t\t\t\t\t<\/div>\n\t\t\t\t<\/div>\n\t\t\t\t<\/div>\n\t\t<div class=\"elementor-element elementor-element-c429ce1 e-con-full e-flex e-con e-child\" data-id=\"c429ce1\" data-element_type=\"container\" data-e-type=\"container\">\n\t\t\t\t<\/div>\n\t\t\t\t\t<\/div>\n\t\t\t\t<\/div>\n\t\t<div class=\"elementor-element elementor-element-2c67599 e-flex e-con-boxed e-con e-parent\" data-id=\"2c67599\" data-element_type=\"container\" data-e-type=\"container\">\n\t\t\t\t\t<div class=\"e-con-inner\">\n\t\t<div class=\"elementor-element elementor-element-5d413b9 e-con-full e-flex e-con e-child\" data-id=\"5d413b9\" data-element_type=\"container\" data-e-type=\"container\">\n\t\t\t\t<div class=\"elementor-element elementor-element-1efe98b elementor-widget__width-initial elementor-widget elementor-widget-heading\" data-id=\"1efe98b\" data-element_type=\"widget\" data-e-type=\"widget\" data-widget_type=\"heading.default\">\n\t\t\t\t\t<h1 class=\"elementor-heading-title elementor-size-default\">Siempre brindamos experiencia y compasi\u00f3n en cada interacci\u00f3n<\/h1>\t\t\t\t<\/div>\n\t\t\t\t<\/div>\n\t\t<div class=\"elementor-element elementor-element-5ed2c2f e-con-full e-flex e-con e-child\" data-id=\"5ed2c2f\" data-element_type=\"container\" data-e-type=\"container\">\n\t\t<div class=\"elementor-element elementor-element-13a65b8 e-con-full e-flex e-con e-child\" data-id=\"13a65b8\" data-element_type=\"container\" data-e-type=\"container\">\n\t\t\t\t<div class=\"elementor-element elementor-element-842f36a elementor-widget elementor-widget-image\" data-id=\"842f36a\" data-element_type=\"widget\" data-e-type=\"widget\" data-widget_type=\"image.default\">\n\t\t\t\t\t\t\t\t\t\t\t\t\t\t\t<img fetchpriority=\"high\" decoding=\"async\" width=\"800\" height=\"534\" src=\"https:\/\/staging1.cbbcmarketing.com\/wp-content\/uploads\/2026\/04\/Cirugia-1024x683.jpg\" class=\"attachment-large size-large wp-image-164\" alt=\"\" srcset=\"https:\/\/staging1.cbbcmarketing.com\/wp-content\/uploads\/2026\/04\/Cirugia-1024x683.jpg 1024w, https:\/\/staging1.cbbcmarketing.com\/wp-content\/uploads\/2026\/04\/Cirugia-300x200.jpg 300w, https:\/\/staging1.cbbcmarketing.com\/wp-content\/uploads\/2026\/04\/Cirugia-768x512.jpg 768w, https:\/\/staging1.cbbcmarketing.com\/wp-content\/uploads\/2026\/04\/Cirugia-1536x1024.jpg 1536w, https:\/\/staging1.cbbcmarketing.com\/wp-content\/uploads\/2026\/04\/Cirugia-2048x1365.jpg 2048w\" sizes=\"(max-width: 800px) 100vw, 800px\" \/>\t\t\t\t\t\t\t\t\t\t\t\t\t\t\t<\/div>\n\t\t\t\t<\/div>\n\t\t<div class=\"elementor-element elementor-element-53a4254 e-con-full e-flex e-con e-child\" data-id=\"53a4254\" data-element_type=\"container\" data-e-type=\"container\">\n\t\t\t\t<div class=\"elementor-element elementor-element-aaf2fcc elementor-widget elementor-widget-text-editor\" data-id=\"aaf2fcc\" data-element_type=\"widget\" data-e-type=\"widget\" data-widget_type=\"text-editor.default\">\n\t\t\t\t\t\t\t\t\t<h6><strong>Vive una atenci\u00f3n m\u00e9dica excepcional en el General Hospital, un hospital de lujo dise\u00f1ado para ofrecer servicios de salud c\u00f3modos y personalizados a sus pacientes.<\/strong><\/h6>\n<h6>General Hospital es una instalaci\u00f3n m\u00e9dica de lujo que proporciona atenci\u00f3n m\u00e9dica de primer nivel a sus pacientes. Con tecnolog\u00eda de vanguardia y profesionales m\u00e9dicos experimentados. Ofrecemos opciones de tratamiento personalizadas para todo tipo de condiciones m\u00e9dicas. Nuestras instalaciones est\u00e1n equipadas con habitaciones c\u00f3modas y espaciosas.<\/h6>\n<p><em>&#8220;Viva una atenci\u00f3n m\u00e9dica de excelencia en General Hospital, donde nuestro equipo de expertos y modernas instalaciones garantizan su bienestar. Descanse tranquilo en nuestras lujosas habitaciones y alivie sus preocupaciones&#8221;<\/em><\/p>\n<p><br><\/p>\t\t\t\t\t\t\t\t<\/div>\n\t\t\t\t<div class=\"elementor-element elementor-element-74065d1 elementor-widget__width-initial elementor-mobile-align-center elementor-widget elementor-widget-button\" data-id=\"74065d1\" data-element_type=\"widget\" data-e-type=\"widget\" data-widget_type=\"button.default\">\n\t\t\t\t\t\t\t\t\t\t<a class=\"elementor-button elementor-button-link elementor-size-sm\" href=\"#\">\n\t\t\t\t\t\t<span class=\"elementor-button-content-wrapper\">\n\t\t\t\t\t\t\t\t\t<span class=\"elementor-button-text\">Ver m\u00e1s<\/span>\n\t\t\t\t\t<\/span>\n\t\t\t\t\t<\/a>\n\t\t\t\t\t\t\t\t<\/div>\n\t\t\t\t<\/div>\n\t\t\t\t<\/div>\n\t\t\t\t\t<\/div>\n\t\t\t\t<\/div>\n\t\t<div class=\"elementor-element elementor-element-1c28ea2 e-flex e-con-boxed e-con e-parent\" data-id=\"1c28ea2\" data-element_type=\"container\" data-e-type=\"container\">\n\t\t\t\t\t<div class=\"e-con-inner\">\n\t\t<div class=\"elementor-element elementor-element-f850e93 e-con-full e-flex e-con e-child\" data-id=\"f850e93\" data-element_type=\"container\" data-e-type=\"container\">\n\t\t\t\t<div class=\"elementor-element elementor-element-ebd3cfc elementor-widget__width-initial elementor-widget elementor-widget-heading\" data-id=\"ebd3cfc\" data-element_type=\"widget\" data-e-type=\"widget\" data-widget_type=\"heading.default\">\n\t\t\t\t\t<h1 class=\"elementor-heading-title elementor-size-default\">Nuestros servicios<\/h1>\t\t\t\t<\/div>\n\t\t\t\t<div class=\"elementor-element elementor-element-6293bc1 elementor-grid-3 elementor-grid-tablet-2 elementor-grid-mobile-1 elementor-widget elementor-widget-portfolio\" data-id=\"6293bc1\" data-element_type=\"widget\" data-e-type=\"widget\" data-settings=\"{&quot;item_ratio&quot;:{&quot;unit&quot;:&quot;px&quot;,&quot;size&quot;:0.65,&quot;sizes&quot;:[]},&quot;columns&quot;:&quot;3&quot;,&quot;columns_tablet&quot;:&quot;2&quot;,&quot;columns_mobile&quot;:&quot;1&quot;,&quot;item_gap&quot;:{&quot;unit&quot;:&quot;px&quot;,&quot;size&quot;:&quot;&quot;,&quot;sizes&quot;:[]},&quot;row_gap&quot;:{&quot;unit&quot;:&quot;px&quot;,&quot;size&quot;:&quot;&quot;,&quot;sizes&quot;:[]}}\" data-widget_type=\"portfolio.default\">\n\t\t\t\t<div class=\"elementor-widget-container\">\n\t\t\t\t\t\t\t<div class=\"elementor-portfolio elementor-grid elementor-posts-container\" role=\"list\">\n\t\t\t\t<article class=\"elementor-portfolio-item elementor-post  post-200 post type-post status-publish format-standard has-post-thumbnail hentry category-servicio\" role=\"listitem\">\n\t\t\t<a class=\"elementor-post__thumbnail__link\" href=\"https:\/\/staging1.cbbcmarketing.com\/index.php\/2026\/04\/12\/recupera-tu-movilidad-mejora-tu-calidad-de-vida\/\">\n\t\t\t\t<div class=\"elementor-portfolio-item__img elementor-post__thumbnail\">\n\t\t\t<img decoding=\"async\" width=\"300\" height=\"200\" src=\"https:\/\/staging1.cbbcmarketing.com\/wp-content\/uploads\/2026\/04\/Cirugia-300x200.jpg\" class=\"attachment-medium size-medium wp-image-164\" alt=\"\" srcset=\"https:\/\/staging1.cbbcmarketing.com\/wp-content\/uploads\/2026\/04\/Cirugia-300x200.jpg 300w, https:\/\/staging1.cbbcmarketing.com\/wp-content\/uploads\/2026\/04\/Cirugia-1024x683.jpg 1024w, https:\/\/staging1.cbbcmarketing.com\/wp-content\/uploads\/2026\/04\/Cirugia-768x512.jpg 768w, https:\/\/staging1.cbbcmarketing.com\/wp-content\/uploads\/2026\/04\/Cirugia-1536x1024.jpg 1536w, https:\/\/staging1.cbbcmarketing.com\/wp-content\/uploads\/2026\/04\/Cirugia-2048x1365.jpg 2048w\" sizes=\"(max-width: 300px) 100vw, 300px\" \/>\t\t<\/div>\n\t\t\t\t<div class=\"elementor-portfolio-item__overlay\">\n\t\t\t\t<h3 class=\"elementor-portfolio-item__title\">\n\t\tRecupera tu movilidad, mejora tu calidad de vida\t\t<\/h3>\n\t\t\t\t<\/div>\n\t\t\t\t<\/a>\n\t\t<\/article>\n\t\t\t\t<article class=\"elementor-portfolio-item elementor-post  post-198 post type-post status-publish format-standard has-post-thumbnail hentry category-servicio\" role=\"listitem\">\n\t\t\t<a class=\"elementor-post__thumbnail__link\" href=\"https:\/\/staging1.cbbcmarketing.com\/index.php\/2026\/04\/12\/escucha-apoyo-y-guia-en-cada-etapa-de-tu-vida\/\">\n\t\t\t\t<div class=\"elementor-portfolio-item__img elementor-post__thumbnail\">\n\t\t\t<img decoding=\"async\" width=\"300\" height=\"200\" src=\"https:\/\/staging1.cbbcmarketing.com\/wp-content\/uploads\/2026\/04\/hands-unrecognizable-female-doctor-writing-form-typing-laptop-keyboard-300x200.jpg\" class=\"attachment-medium size-medium wp-image-181\" alt=\"\" srcset=\"https:\/\/staging1.cbbcmarketing.com\/wp-content\/uploads\/2026\/04\/hands-unrecognizable-female-doctor-writing-form-typing-laptop-keyboard-300x200.jpg 300w, https:\/\/staging1.cbbcmarketing.com\/wp-content\/uploads\/2026\/04\/hands-unrecognizable-female-doctor-writing-form-typing-laptop-keyboard-1024x683.jpg 1024w, https:\/\/staging1.cbbcmarketing.com\/wp-content\/uploads\/2026\/04\/hands-unrecognizable-female-doctor-writing-form-typing-laptop-keyboard-768x513.jpg 768w, https:\/\/staging1.cbbcmarketing.com\/wp-content\/uploads\/2026\/04\/hands-unrecognizable-female-doctor-writing-form-typing-laptop-keyboard-1536x1025.jpg 1536w, https:\/\/staging1.cbbcmarketing.com\/wp-content\/uploads\/2026\/04\/hands-unrecognizable-female-doctor-writing-form-typing-laptop-keyboard-2048x1367.jpg 2048w\" sizes=\"(max-width: 300px) 100vw, 300px\" \/>\t\t<\/div>\n\t\t\t\t<div class=\"elementor-portfolio-item__overlay\">\n\t\t\t\t<h3 class=\"elementor-portfolio-item__title\">\n\t\tEscucha, apoyo y gu\u00eda en cada etapa de tu vida\t\t<\/h3>\n\t\t\t\t<\/div>\n\t\t\t\t<\/a>\n\t\t<\/article>\n\t\t\t\t<article class=\"elementor-portfolio-item elementor-post  post-1 post type-post status-publish format-standard has-post-thumbnail hentry category-sin-categoria\" role=\"listitem\">\n\t\t\t<a class=\"elementor-post__thumbnail__link\" href=\"https:\/\/staging1.cbbcmarketing.com\/index.php\/2026\/02\/14\/hola-mundo\/\">\n\t\t\t\t<div class=\"elementor-portfolio-item__img elementor-post__thumbnail\">\n\t\t\t<img loading=\"lazy\" decoding=\"async\" width=\"300\" height=\"199\" src=\"https:\/\/staging1.cbbcmarketing.com\/wp-content\/uploads\/2026\/04\/movidagrafica-dentist-4373290_1920-300x199.jpg\" class=\"attachment-medium size-medium wp-image-193\" alt=\"\" srcset=\"https:\/\/staging1.cbbcmarketing.com\/wp-content\/uploads\/2026\/04\/movidagrafica-dentist-4373290_1920-300x199.jpg 300w, https:\/\/staging1.cbbcmarketing.com\/wp-content\/uploads\/2026\/04\/movidagrafica-dentist-4373290_1920-1024x678.jpg 1024w, https:\/\/staging1.cbbcmarketing.com\/wp-content\/uploads\/2026\/04\/movidagrafica-dentist-4373290_1920-768x509.jpg 768w, https:\/\/staging1.cbbcmarketing.com\/wp-content\/uploads\/2026\/04\/movidagrafica-dentist-4373290_1920-1536x1018.jpg 1536w, https:\/\/staging1.cbbcmarketing.com\/wp-content\/uploads\/2026\/04\/movidagrafica-dentist-4373290_1920.jpg 1920w\" sizes=\"(max-width: 300px) 100vw, 300px\" \/>\t\t<\/div>\n\t\t\t\t<div class=\"elementor-portfolio-item__overlay\">\n\t\t\t\t<h3 class=\"elementor-portfolio-item__title\">\n\t\tDental\t\t<\/h3>\n\t\t\t\t<\/div>\n\t\t\t\t<\/a>\n\t\t<\/article>\n\t\t\t\t<\/div>\n\t\t\t\t\t\t<\/div>\n\t\t\t\t<\/div>\n\t\t\t\t<div class=\"elementor-element elementor-element-f917097 elementor-align-center elementor-widget elementor-widget-button\" data-id=\"f917097\" data-element_type=\"widget\" data-e-type=\"widget\" data-widget_type=\"button.default\">\n\t\t\t\t\t\t\t\t\t\t<a class=\"elementor-button elementor-button-link elementor-size-sm\" href=\"#\">\n\t\t\t\t\t\t<span class=\"elementor-button-content-wrapper\">\n\t\t\t\t\t\t\t\t\t<span class=\"elementor-button-text\">Ver m\u00e1s servicios<\/span>\n\t\t\t\t\t<\/span>\n\t\t\t\t\t<\/a>\n\t\t\t\t\t\t\t\t<\/div>\n\t\t\t\t<\/div>\n\t\t\t\t\t<\/div>\n\t\t\t\t<\/div>\n\t\t\t\t<\/div>\n\t\t","protected":false},"excerpt":{"rendered":"<p>Transformando vidas a trav\u00e9s de la excelencia en la atenci\u00f3n m\u00e9dica Estamos comprometidos a brindar una atenci\u00f3n excepcional a los pacientes y a promover el bienestar en nuestra comunidad. Cont\u00e1ctenos Ver servicios Siempre brindamos experiencia y compasi\u00f3n en cada interacci\u00f3n Vive una atenci\u00f3n m\u00e9dica excepcional en el General Hospital, un hospital de lujo dise\u00f1ado para [&hellip;]<\/p>\n","protected":false},"author":1,"featured_media":0,"parent":0,"menu_order":0,"comment_status":"closed","ping_status":"closed","template":"elementor_header_footer","meta":{"footnotes":""},"class_list":["post-95","page","type-page","status-publish","hentry"],"_links":{"self":[{"href":"https:\/\/staging1.cbbcmarketing.com\/index.php\/wp-json\/wp\/v2\/pages\/95","targetHints":{"allow":["GET"]}}],"collection":[{"href":"https:\/\/staging1.cbbcmarketing.com\/index.php\/wp-json\/wp\/v2\/pages"}],"about":[{"href":"https:\/\/staging1.cbbcmarketing.com\/index.php\/wp-json\/wp\/v2\/types\/page"}],"author":[{"embeddable":true,"href":"https:\/\/staging1.cbbcmarketing.com\/index.php\/wp-json\/wp\/v2\/users\/1"}],"replies":[{"embeddable":true,"href":"https:\/\/staging1.cbbcmarketing.com\/index.php\/wp-json\/wp\/v2\/comments?post=95"}],"version-history":[{"count":76,"href":"https:\/\/staging1.cbbcmarketing.com\/index.php\/wp-json\/wp\/v2\/pages\/95\/revisions"}],"predecessor-version":[{"id":229,"href":"https:\/\/staging1.cbbcmarketing.com\/index.php\/wp-json\/wp\/v2\/pages\/95\/revisions\/229"}],"wp:attachment":[{"href":"https:\/\/staging1.cbbcmarketing.com\/index.php\/wp-json\/wp\/v2\/media?parent=95"}],"curies":[{"name":"wp","href":"https:\/\/api.w.org\/{rel}","templated":true}]}}